{"id":9872,"date":"2016-12-09T21:44:36","date_gmt":"2016-12-09T21:44:36","guid":{"rendered":"http:\/\/treeworks.pt\/maple\/onepage\/?page_id=15"},"modified":"2022-03-23T14:29:56","modified_gmt":"2022-03-23T14:29:56","slug":"avantages","status":"publish","type":"page","link":"https:\/\/stlthvape.ma\/fr\/avantages\/","title":{"rendered":"Avantages"},"content":{"rendered":"<div data-vc-full-width=\"true\" data-vc-full-width-init=\"false\" class=\"vc_row wpb_row vc_row-fluid vc_custom_1644428334926\"><div class=\"wpb_column vc_column_container vc_col-sm-6\"><div class=\"vc_column-inner\"><div class=\"wpb_wrapper\"><div class=\"info-wrapper ult-adjust-bottom-margin\"><div id=\"info-circle-wrapper-69f439b70f896\" data-uniqid=\"69f439b70f896\" class=\"info-circle-wrapper  info-circle-responsive \" data-half-percentage=\"70\" data-circle-type=\"full-circle\"><div class=\"info-c-full-br\" style='border:2px solid #dddddd;width:180%;opacity:0;' data-start-degree=\"90\" data-divert=\"\" data-info-circle-angle=\"full\" data-responsive-circle=\"on\" data-responsive-breakpoint=\"800\" data-launch=\"easeOutBounce\" data-launch-duration=\"1\" data-launch-delay=\"0.2\" data-slide-true=\"on\" data-slide-duration=\"5\" data-icon-size=\"18\" data-icon-show=\"not-show\" data-icon-show-size=\"\" data-highlight-style=\"info-circle-pulse\" data-focus-on=\"hover\"><div  class=\"icon-circle-list\"><div class=\"info-circle-icons \" style=\"background:#101010;color:#ffffff;\" ><i class=\"Defaults-fire info-circle-icon\" ><\/i><\/div><div class=\"info-details\" data-icon-class=\"ult-info-circle-icon\"><div class=\"info-circle-def\"><div  class=\"info-circle-sub-def\"><i class=\"Defaults-fire info-circle-icon\" ><\/i><div class=\"responsive-font-class ult-responsive\" ><h3  data-ultimate-target='#info-cirlce-wrap-5250 .responsive-font-class h3.new-cust-responsive-class'  data-responsive-json-new='{\"font-size\":\"\",\"line-height\":\"\"}'  class=\"info-circle-heading ult-responsive new-cust-responsive-class\" style=\"font-weight:normal;\">RISQUES R\u00c9DUITS<\/h3><div  class=\"info-circle-text \" style=\"font-weight:normal;\"><\/div><\/div><\/div><\/div><\/div><div class=\"info-circle-icons \" style=\"background:#101010;color:#ffffff;\" ><i class=\"Defaults-pagelines info-circle-icon\" ><\/i><\/div><div class=\"info-details\" data-icon-class=\"ult-info-circle-icon\"><div class=\"info-circle-def\"><div  class=\"info-circle-sub-def\"><i class=\"Defaults-pagelines info-circle-icon\" ><\/i><div class=\"responsive-font-class ult-responsive\" ><h3  data-ultimate-target='#info-cirlce-wrap-5250 .responsive-font-class h3.new-cust-responsive-class'  data-responsive-json-new='{\"font-size\":\"\",\"line-height\":\"\"}'  class=\"info-circle-heading ult-responsive new-cust-responsive-class\" style=\"font-weight:normal;\">AUCUNE ODEUR DE FUM\u00c9E DE CIGARETTE<\/h3><div  class=\"info-circle-text \" style=\"font-weight:normal;\"><\/div><\/div><\/div><\/div><\/div><div class=\"info-circle-icons \" style=\"background:#101010;color:#ffffff;\" ><i class=\"Defaults-check-square-o info-circle-icon\" ><\/i><\/div><div class=\"info-details\" data-icon-class=\"ult-info-circle-icon\"><div class=\"info-circle-def\"><div  class=\"info-circle-sub-def\"><i class=\"Defaults-check-square-o info-circle-icon\" ><\/i><div class=\"responsive-font-class ult-responsive\" ><h3  data-ultimate-target='#info-cirlce-wrap-5250 .responsive-font-class h3.new-cust-responsive-class'  data-responsive-json-new='{\"font-size\":\"\",\"line-height\":\"\"}'  class=\"info-circle-heading ult-responsive new-cust-responsive-class\" style=\"font-weight:normal;\">MIEUX CONTR\u00d4LER LE TAUX DE NICOTINE<\/h3><div  class=\"info-circle-text \" style=\"font-weight:normal;\"><\/div><\/div><\/div><\/div><\/div><div class=\"info-circle-icons \" style=\"background:#101010;color:#ffffff;\" ><i class=\"Defaults-power-off info-circle-icon\" ><\/i><\/div><div class=\"info-details\" data-icon-class=\"ult-info-circle-icon\"><div class=\"info-circle-def\"><div  class=\"info-circle-sub-def\"><i class=\"Defaults-power-off info-circle-icon\" ><\/i><div class=\"responsive-font-class ult-responsive\" ><h3  data-ultimate-target='#info-cirlce-wrap-5250 .responsive-font-class h3.new-cust-responsive-class'  data-responsive-json-new='{\"font-size\":\"\",\"line-height\":\"\"}'  class=\"info-circle-heading ult-responsive new-cust-responsive-class\" style=\"font-weight:normal;\">PR\u00caT \u00c0 L\u2019UTILISATION<\/h3><div  class=\"info-circle-text \" style=\"font-weight:normal;\"><\/div><\/div><\/div><\/div><\/div><div class=\"info-circle-icons \" style=\"background:#101010;color:#ffffff;\" ><i class=\"Defaults-diamond info-circle-icon\" ><\/i><\/div><div class=\"info-details\" data-icon-class=\"ult-info-circle-icon\"><div class=\"info-circle-def\"><div  class=\"info-circle-sub-def\"><i class=\"Defaults-diamond info-circle-icon\" ><\/i><div class=\"responsive-font-class ult-responsive\" ><h3  data-ultimate-target='#info-cirlce-wrap-5250 .responsive-font-class h3.new-cust-responsive-class'  data-responsive-json-new='{\"font-size\":\"\",\"line-height\":\"\"}'  class=\"info-circle-heading ult-responsive new-cust-responsive-class\" style=\"font-weight:normal;\">SIMPLE AGR\u00c9ABLE DISCRET<\/h3><div  class=\"info-circle-text \" style=\"font-weight:normal;\"><\/div><\/div><\/div><\/div><\/div><div class=\"info-circle-icons \" style=\"background:#101010;color:#ffffff;\" ><i class=\"Defaults-user-plus info-circle-icon\" ><\/i><\/div><div class=\"info-details\" data-icon-class=\"ult-info-circle-icon\"><div class=\"info-circle-def\"><div  class=\"info-circle-sub-def\"><i class=\"Defaults-user-plus info-circle-icon\" ><\/i><div class=\"responsive-font-class ult-responsive\" ><h3  data-ultimate-target='#info-cirlce-wrap-5250 .responsive-font-class h3.new-cust-responsive-class'  data-responsive-json-new='{\"font-size\":\"\",\"line-height\":\"\"}'  class=\"info-circle-heading ult-responsive new-cust-responsive-class\" style=\"font-weight:normal;\">NOUVELLE EXPERIENCE<\/h3><div  class=\"info-circle-text \" style=\"font-weight:normal;\"><\/div><\/div><\/div><\/div><\/div><\/div><div id=\"info-cirlce-wrap-5250\" class=\"info-c-full\" style=\"background-color:#101010;color:#ffffff;width:60%;height:60%;margin:20%;\"><div class=\"info-c-full-wrap\"><\/div><\/div><\/div><div class=\"smile_icon_list_wrap \" data-content_bg=\"#101010\" data-content_color=\"#ffffff\">\r\n\t\t\t\t\t\t\t<ul id=\"info-cirlce-wrap-5250\" class=\"smile_icon_list left circle with_bg\"><li class=\"icon_list_item\" style=\"font-size:54px;\">\r\n\t\t\t\t\t\t\t\t\t<div class=\"icon_list_icon\" style=\"font-size:18px;width:18px;height:18px;line-height:1;\">\r\n\t\t\t\t\t\t\t\t\t\t<i class=\"smt-pencil\"><\/i>\r\n\t\t\t\t\t\t\t\t\t<\/div>\r\n\t\t\t\t\t\t\t\t\t<div  class=\"icon_description\" style=\"font-size:18px;\">\r\n\t\t\t\t\t\t\t\t\t\t<div class=\"responsive-font-class ult-responsive\"  data-ultimate-target='#info-cirlce-wrap-5250 .responsive-font-class *'  data-responsive-json-new='{\"font-size\":\"\",\"line-height\":\"\"}'  style=\"font-weight:normal;\">\r\n\t\t\t\t\t\t\t\t\t\t\t<h3  data-ultimate-target='#info-cirlce-wrap-5250 .responsive-font-class h3.new-cust-responsive-class'  data-responsive-json-new='{\"font-size\":\"\",\"line-height\":\"\"}'  class=\"ult-responsive new-cust-responsive-class\" style=\"font-weight:normal;\"><\/h3>\r\n\t\t\t\t\t\t\t\t\t\t\t<p><\/p>\r\n\t\t\t\t\t\t\t\t\t\t<\/div>\r\n\t\t\t\t\t\t\t\t\t<\/div>\r\n\t\t\t\t\t\t\t\t\t<div class=\"icon_list_connector\" style=\" border-style:solid;border-color:#dddddd; left:9px; top:18px;\">\r\n\t\t\t\t\t\t\t\t\t<\/div><\/li><\/ul>\r\n\t\t\t\t\t\t<\/div><\/div><\/div><\/div><\/div><\/div><div class=\"wpb_column vc_column_container vc_col-sm-6\"><div class=\"vc_column-inner\"><div class=\"wpb_wrapper\"><div class=\"vc_empty_space\"   style=\"height: 80px\"><span class=\"vc_empty_space_inner\"><\/span><\/div><\/div><\/div><\/div><\/div><div class=\"vc_row-full-width vc_clearfix\"><\/div><!-- Row Backgrounds --><div class=\"upb_bg_img\" data-ultimate-bg=\"url(https:\/\/stlthvape.ma\/wp-content\/uploads\/2022\/02\/beneficios-1024x546-1.png)\" data-image-id=\"id^10678|url^https:\/\/stlthvape.ma\/wp-content\/uploads\/2022\/02\/beneficios-1024x546-1.png|caption^null|alt^null|title^beneficios-1024x546|description^null\" data-ultimate-bg-style=\"vcpb-default\" data-bg-img-repeat=\"repeat\" data-bg-img-size=\"contain\" data-bg-img-position=\"\" data-parallx_sense=\"30\" data-bg-override=\"ex-full\" data-bg_img_attach=\"scroll\" data-upb-overlay-color=\"\" data-upb-bg-animation=\"\" data-fadeout=\"\" data-bg-animation=\"left-animation\" data-bg-animation-type=\"h\" data-animation-repeat=\"repeat\" data-fadeout-percentage=\"30\" data-parallax-content=\"\" data-parallax-content-sense=\"30\" data-row-effect-mobile-disable=\"true\" data-img-parallax-mobile-disable=\"true\" data-rtl=\"false\"  data-custom-vc-row=\"\"  data-vc=\"6.5.0\"  data-is_old_vc=\"\"  data-theme-support=\"\"   data-overlay=\"false\" data-overlay-color=\"\" data-overlay-pattern=\"\" data-overlay-pattern-opacity=\"\" data-overlay-pattern-size=\"\"    ><\/div>\n","protected":false},"excerpt":{"rendered":"RISQUES R\u00c9DUITSAUCUNE ODEUR DE FUM\u00c9E DE CIGARETTEMIEUX CONTR\u00d4LER LE TAUX DE NICOTINEPR\u00caT \u00c0 L\u2019UTILISATIONSIMPLE AGR\u00c9ABLE DISCRETNOUVELLE EXPERIENCE","protected":false},"author":1,"featured_media":0,"parent":0,"menu_order":0,"comment_status":"closed","ping_status":"closed","template":"one-page-template.php","meta":{"footnotes":""},"class_list":["post-9872","page","type-page","status-publish","hentry"],"_links":{"self":[{"href":"https:\/\/stlthvape.ma\/fr\/wp-json\/wp\/v2\/pages\/9872","targetHints":{"allow":["GET"]}}],"collection":[{"href":"https:\/\/stlthvape.ma\/fr\/wp-json\/wp\/v2\/pages"}],"about":[{"href":"https:\/\/stlthvape.ma\/fr\/wp-json\/wp\/v2\/types\/page"}],"author":[{"embeddable":true,"href":"https:\/\/stlthvape.ma\/fr\/wp-json\/wp\/v2\/users\/1"}],"replies":[{"embeddable":true,"href":"https:\/\/stlthvape.ma\/fr\/wp-json\/wp\/v2\/comments?post=9872"}],"version-history":[{"count":8,"href":"https:\/\/stlthvape.ma\/fr\/wp-json\/wp\/v2\/pages\/9872\/revisions"}],"predecessor-version":[{"id":10756,"href":"https:\/\/stlthvape.ma\/fr\/wp-json\/wp\/v2\/pages\/9872\/revisions\/10756"}],"wp:attachment":[{"href":"https:\/\/stlthvape.ma\/fr\/wp-json\/wp\/v2\/media?parent=9872"}],"curies":[{"name":"wp","href":"https:\/\/api.w.org\/{rel}","templated":true}]}}