{"id":9871,"date":"2016-12-09T21:44:13","date_gmt":"2016-12-09T21:44:13","guid":{"rendered":"http:\/\/treeworks.pt\/maple\/onepage\/?page_id=13"},"modified":"2022-03-23T14:31:30","modified_gmt":"2022-03-23T14:31:30","slug":"partenaire-commercant","status":"publish","type":"page","link":"https:\/\/stlthvape.ma\/fr\/partenaire-commercant\/","title":{"rendered":"Partenaire commer\u00e7ant"},"content":{"rendered":"<div class=\"vc_row wpb_row vc_row-fluid vc_custom_1616705619688\"><div class=\"wpb_column vc_column_container vc_col-sm-3\"><div class=\"vc_column-inner\"><div class=\"wpb_wrapper\"><\/div><\/div><\/div><div class=\"wpb_column vc_column_container vc_col-sm-6\"><div class=\"vc_column-inner\"><div class=\"wpb_wrapper\"><h3 style=\"color: #f0f0f0;text-align: center\" class=\"vc_custom_heading\" >VOUS \u00caTES INTERESS\u00c9 \u00c0 DEVENIR<br \/>\nPARTENAIRE COMMER\u00c7ANT?<\/h3><p style=\"font-size: 15px;color: #cecece;line-height: 25px;text-align: center\" class=\"vc_custom_heading\" ><\/p><div class=\"vc_empty_space\"   style=\"height: 10px\"><span class=\"vc_empty_space_inner\"><\/span><\/div><div class=\"vc_btn3-container vc_btn3-center\" ><a onmouseleave=\"this.style.borderColor='#ffffff'; this.style.backgroundColor='transparent'; this.style.color='#ffffff'\" onmouseenter=\"this.style.borderColor='#ffffff'; this.style.backgroundColor='#ffffff'; this.style.color='#101010';\" style=\"border-color:#ffffff; color:#ffffff;\" class=\"vc_general vc_btn3 vc_btn3-size-xs vc_btn3-shape-square vc_btn3-style-outline-custom\" href=\"https:\/\/wa.me\/212624647777\" title=\"\" target=\"_blank\">CONTACTEZ-NOUS POUR PLUS DE D\u00c9TAILS<\/a><\/div><\/div><\/div><\/div><div class=\"wpb_column vc_column_container vc_col-sm-3\"><div class=\"vc_column-inner\"><div class=\"wpb_wrapper\"><\/div><\/div><\/div><\/div><!-- Row Backgrounds --><div class=\"upb_color\" data-bg-override=\"ex-full\" data-bg-color=\"#000000\" data-fadeout=\"\" data-fadeout-percentage=\"30\" data-parallax-content=\"\" data-parallax-content-sense=\"30\" data-row-effect-mobile-disable=\"true\" data-img-parallax-mobile-disable=\"true\" data-rtl=\"false\"  data-custom-vc-row=\"\"  data-vc=\"6.5.0\"  data-is_old_vc=\"\"  data-theme-support=\"\"   data-overlay=\"false\" data-overlay-color=\"\" data-overlay-pattern=\"\" data-overlay-pattern-opacity=\"\" data-overlay-pattern-size=\"\"    ><\/div>\n","protected":false},"excerpt":{"rendered":"VOUS \u00caTES INTERESS\u00c9 \u00c0 DEVENIR PARTENAIRE COMMER\u00c7ANT?CONTACTEZ-NOUS POUR PLUS DE D\u00c9TAILS","protected":false},"author":1,"featured_media":0,"parent":0,"menu_order":0,"comment_status":"closed","ping_status":"closed","template":"one-page-template.php","meta":{"footnotes":""},"class_list":["post-9871","page","type-page","status-publish","hentry"],"_links":{"self":[{"href":"https:\/\/stlthvape.ma\/fr\/wp-json\/wp\/v2\/pages\/9871","targetHints":{"allow":["GET"]}}],"collection":[{"href":"https:\/\/stlthvape.ma\/fr\/wp-json\/wp\/v2\/pages"}],"about":[{"href":"https:\/\/stlthvape.ma\/fr\/wp-json\/wp\/v2\/types\/page"}],"author":[{"embeddable":true,"href":"https:\/\/stlthvape.ma\/fr\/wp-json\/wp\/v2\/users\/1"}],"replies":[{"embeddable":true,"href":"https:\/\/stlthvape.ma\/fr\/wp-json\/wp\/v2\/comments?post=9871"}],"version-history":[{"count":5,"href":"https:\/\/stlthvape.ma\/fr\/wp-json\/wp\/v2\/pages\/9871\/revisions"}],"predecessor-version":[{"id":10757,"href":"https:\/\/stlthvape.ma\/fr\/wp-json\/wp\/v2\/pages\/9871\/revisions\/10757"}],"wp:attachment":[{"href":"https:\/\/stlthvape.ma\/fr\/wp-json\/wp\/v2\/media?parent=9871"}],"curies":[{"name":"wp","href":"https:\/\/api.w.org\/{rel}","templated":true}]}}