{"id":11634,"date":"2022-06-24T20:34:57","date_gmt":"2022-06-24T20:34:57","guid":{"rendered":"https:\/\/stlthvape.co\/?page_id=11634"},"modified":"2022-06-24T20:34:57","modified_gmt":"2022-06-24T20:34:57","slug":"autorizacion-general-para-el-tratamiento-de-datos-personales","status":"publish","type":"page","link":"https:\/\/stlthvape.ma\/fr\/autorizacion-general-para-el-tratamiento-de-datos-personales\/","title":{"rendered":"Autorizaci\u00f3n general para el tratamiento de datos personales"},"content":{"rendered":"<p>Con la aceptaci\u00f3n de este documento, autorizo de manera previa, expresa e informada a STLTH International S.A.S (en adelante \u201cSTLTH\u201d), para que los datos personales suministrados a trav\u00e9s de este documento, as\u00ed como aquellos proporcionados a STLTH por otros medios, sean recolectados, usados, almacenados, transferidos y transmitidos a terceros y en general tratados con la finalidad de:<\/p>\n<p>El desarrollo de su objeto social; ejecuci\u00f3n de contratos; ejecuci\u00f3n de convenios y alianzas; respuesta a consultas y reclamos; realizaci\u00f3n procesos de selecci\u00f3n; realizaci\u00f3n de programas de bienestar empresarial; implementaci\u00f3n de protocolos de seguridad y salud en el trabajo; comunicaci\u00f3n con el titular sobre actividades, programas y eventos; campa\u00f1as de publicidad y mercadeo; prestaci\u00f3n de servicios contratados; venta y postventa de productos; prestaci\u00f3n de servicios por medio de apps o sitios web; venta y postventa de productos por medio de apps o sitios web; env\u00edo de facturas; comunicaci\u00f3n de ofertas, descuentos, promociones de productos\/servicios propios; gesti\u00f3n de transacciones electr\u00f3nicas con pasarelas de pago; gesti\u00f3n de peticiones, quejas y reclamos por los productos\/servicios ofrecidos; realizaci\u00f3n de encuestas de satisfacci\u00f3n respecto a los productos\/servicios ofrecidos; realizaci\u00f3n de estudios de mercado, inteligencia de negocios que establezcan preferencias de consumo; e implementaci\u00f3n programas de fidelizaci\u00f3n .<\/p>\n<p>Reconozco que, como titular de datos personales, podr\u00e9 ejercer el derecho a conocer, actualizar, suprimir informaci\u00f3n de las bases de datos de STLTH, y revocar la presente autorizaci\u00f3n a trav\u00e9s de los medios establecidos en la pol\u00edtica de tratamiento de datos personales de STLTH, la cual se ubica en la URL: https:\/\/stlthvape.co\/privacy-policy-2\/.<\/p>\n<p>Reconozco que los datos suministrados son ciertos, completos y actualizados, y que no ha sido omitida o alterada ninguna informaci\u00f3n. Asimismo, reconozco que no estoy obligado a entregar datos de naturaleza sensible para acceder a las prestaciones ofrecidas por STLTH. STLTH se identifica con el Nit. 901421858, y se encuentra ubicada en la Carrera 43 A # 23 \u2013 89 Lc 144, tel\u00e9fono (+57) 3126138075, correo electr\u00f3nico Colombia@stlthvape.com.<\/p>\n","protected":false},"excerpt":{"rendered":"<p>Con la aceptaci\u00f3n de este documento, autorizo de manera previa, expresa e informada a STLTH International S.A.S (en adelante \u201cSTLTH\u201d), para que los datos personales suministrados a trav\u00e9s de este documento, as\u00ed como aquellos proporcionados a STLTH por otros medios, sean recolectados, usados, almacenados, transferidos y transmitidos a terceros y en general tratados con la [&hellip;]<\/p>\n","protected":false},"author":1,"featured_media":0,"parent":0,"menu_order":0,"comment_status":"closed","ping_status":"closed","template":"one-page-template.php","meta":{"footnotes":""},"class_list":["post-11634","page","type-page","status-publish","hentry"],"_links":{"self":[{"href":"https:\/\/stlthvape.ma\/fr\/wp-json\/wp\/v2\/pages\/11634","targetHints":{"allow":["GET"]}}],"collection":[{"href":"https:\/\/stlthvape.ma\/fr\/wp-json\/wp\/v2\/pages"}],"about":[{"href":"https:\/\/stlthvape.ma\/fr\/wp-json\/wp\/v2\/types\/page"}],"author":[{"embeddable":true,"href":"https:\/\/stlthvape.ma\/fr\/wp-json\/wp\/v2\/users\/1"}],"replies":[{"embeddable":true,"href":"https:\/\/stlthvape.ma\/fr\/wp-json\/wp\/v2\/comments?post=11634"}],"version-history":[{"count":0,"href":"https:\/\/stlthvape.ma\/fr\/wp-json\/wp\/v2\/pages\/11634\/revisions"}],"wp:attachment":[{"href":"https:\/\/stlthvape.ma\/fr\/wp-json\/wp\/v2\/media?parent=11634"}],"curies":[{"name":"wp","href":"https:\/\/api.w.org\/{rel}","templated":true}]}}