{"id":11603,"date":"2022-06-02T22:52:50","date_gmt":"2022-06-02T22:52:50","guid":{"rendered":"https:\/\/stlthvape.co\/?page_id=3"},"modified":"2022-06-02T22:52:50","modified_gmt":"2022-06-02T22:52:50","slug":"privacy-policy-2","status":"publish","type":"page","link":"https:\/\/stlthvape.ma\/fr\/privacy-policy-2\/","title":{"rendered":"POL\u00cdTICA DE TRATAMIENTO DE DATOS PERSONALES  STLTH INTERNATIONAL S.A.S."},"content":{"rendered":"<h3><strong>CONTENIDO <\/strong><\/h3>\n<p>I. Objetivo<br \/>\nII. Autorizaci\u00f3n para el tratamiento de datos personales<br \/>\nIII. Finalidades del tratamiento de datos personales<br \/>\nIV. Tratamiento de los datos personales<br \/>\nV. Derechos del titular de datos personales<br \/>\nVI. Procedimientos para presentar consultas y reclamos y \u00e1rea encargada de atenderlos<br \/>\nVII. Informaci\u00f3n sobre el responsable del tratamiento<br \/>\nVIII. Vigencia y modificaci\u00f3n de la pol\u00edtica de tratamiento de datos personales<\/p>\n<p>&nbsp;<\/p>\n<h3><strong>OBJETIVO DE LA POL\u00cdTICA DE TRATAMIENTO<\/strong><\/h3>\n<p>STLTH International S.A.S. (en adelante \u201cSTLTH\u201d), con el fin de dar estricto cumplimiento a la normatividad vigente sobre la protecci\u00f3n de datos personales, en especial la Ley 1581 de 2012, el Decreto 1377 de 2013 y las dem\u00e1s disposiciones que las modifiquen, adicionen o complementen, y comprometida con la privacidad de la informaci\u00f3n personal de sus clientes, aliados, proveedores, contratistas, usuarios, empleados y del p\u00fablico en general, adopta la siguiente Pol\u00edtica de Tratamiento de Datos Personales (en adelante la \u201c<u>Pol\u00edtica<\/u>\u201d).<\/p>\n<p>En esta Pol\u00edtica, aplicable a los datos personales registrados en sus bases de datos, STLTH detalla los lineamientos corporativos generales sobre el debido tratamiento a los datos personales de los titulares, los derechos de los titulares, el \u00e1rea responsable de atender las consultas y reclamos, y los procedimientos que se deben agotar para conocer, actualizar, rectificar y suprimir los datos personales.<\/p>\n<p>En cumplimiento del derecho constitucional al Habeas Data establecido en el art\u00edculo 15 de la Constituci\u00f3n Pol\u00edtica de Colombia, STLTH s\u00f3lo recolecta datos personales cuando as\u00ed haya sido autorizado de manera previa, expresa e informada por su titular, en virtud de contratos de transmisi\u00f3n de datos personales, o de contratos de transferencia de datos personales, implementando para tal efecto pol\u00edticas y procedimientos claros con relaci\u00f3n a la confidencialidad, seguridad y privacidad de los datos personales.<\/p>\n<p>&nbsp;<\/p>\n<h3><strong>AUTORIZACI\u00d3N PARA EL TRATAMIENTO DE DATOS PERSONALES<\/strong><\/h3>\n<p>Los datos personales que son incluidos en las bases de datos de STLTH provienen de la informaci\u00f3n recolectada en virtud de v\u00ednculos propios del desarrollo de su objeto social, comerciales, contractuales, laborales, o de cualquier otra \u00edndole con sus usuarios, clientes, aliados, proveedores, contratistas, empleados y\/o p\u00fablico en general.<\/p>\n<p>Al momento de la recolecci\u00f3n de datos personales, STLTH solicitar\u00e1 a los titulares la autorizaci\u00f3n para el tratamiento de los mismos, de manera previa, expresa e informando a estos: (i) los tratamientos que realizar\u00e1 STLTH y las finalidades espec\u00edficas del tratamiento; (ii) sobre la libertad de responder las preguntas dirigidas a menores de edad o sobre datos sensibles; (iii) los derechos que tienen los titulares frente a STLTH y dem\u00e1s encargados y responsables del tratamiento, y los medios para ejercerlos; (iv) la identificaci\u00f3n de STLTH como responsable del tratamiento; y (v) la ubicaci\u00f3n de la presente Pol\u00edtica.<\/p>\n<p>Los datos personales recolectados por STLTH, son almacenados a trav\u00e9s de medios f\u00edsicos y digitales, propios o contratados con proveedores especializados, procurando salvaguardar la confidencialidad y seguridad de la informaci\u00f3n personal de los titulares.<\/p>\n<p>&nbsp;<\/p>\n<h3><strong>FINALIDADES DEL TRATAMIENTO<\/strong><\/h3>\n<p>Los datos personales de los titulares son recolectados y tratados por STLTH en desarrollo de su objeto social con la finalidad de:<\/p>\n<p>&nbsp;<\/p>\n<table style=\"height: 241px;\" width=\"1145\">\n<tbody>\n<tr>\n<td width=\"91\"><strong>Finalidades corporativas y legales<\/strong><\/td>\n<td width=\"499\">a)\u00a0\u00a0\u00a0\u00a0\u00a0 Efectuar las gestiones pertinentes para el desarrollo del objeto social de STLTH.<\/p>\n<p>b)\u00a0\u00a0\u00a0\u00a0 Efectuar las gestiones pertinentes para el desarrollo de los contratos celebrados con los titulares de los datos personales, actuando estos en nombre propio o en representaci\u00f3n de una persona jur\u00eddica.<\/p>\n<p>c)\u00a0\u00a0\u00a0\u00a0\u00a0 Contactar al titular de los datos por diferentes medios para desarrollar el objeto de los v\u00ednculos contractuales.<\/p>\n<p>d)\u00a0\u00a0\u00a0\u00a0 Debida ejecuci\u00f3n de los convenios comerciales celebrados con terceros aliados.<\/p>\n<p>e)\u00a0\u00a0\u00a0\u00a0 Gestionar las consultas y reclamos presentadas por los titulares de datos personales, respecto del tratamiento dado a \u00e9stos por STLTH.<\/td>\n<\/tr>\n<\/tbody>\n<\/table>\n<p>&nbsp;<\/p>\n<table style=\"height: 364px;\" width=\"1139\">\n<tbody>\n<tr>\n<td width=\"83\"><strong>Finalidades laborales<\/strong><\/td>\n<td width=\"506\">a)\u00a0\u00a0\u00a0\u00a0\u00a0 Adelantar procesos de selecci\u00f3n, admisi\u00f3n e ingreso de personal a STLTH.<\/p>\n<p>b)\u00a0\u00a0\u00a0\u00a0 Dar cumplimiento a las obligaciones contra\u00eddas por STLTH con el titular de los datos, con relaci\u00f3n al pago de salarios, prestaciones sociales y dem\u00e1s retribuciones consagradas en el contrato de trabajo, o seg\u00fan lo disponga la ley.<\/p>\n<p>c)\u00a0\u00a0\u00a0\u00a0\u00a0 Realizar actividades requeridas por el \u00e1rea administrativa de STLTH, incluyendo, pero sin limitarse a, la identificaci\u00f3n plena del trabajador, aprendiz o prestador de servicios, archivo y manejo de su informaci\u00f3n de contacto y de su informaci\u00f3n acad\u00e9mica y profesional.<\/p>\n<p>d)\u00a0\u00a0\u00a0\u00a0 Ofrecer programas de bienestar empresarial para los empleados y sus familiares.<\/p>\n<p>e)\u00a0\u00a0\u00a0\u00a0 Implementar los protocolos de bioseguridad ordenados por el Gobierno Nacional para la realizaci\u00f3n de las actividades laborales y productivas en condiciones adecuadas de salubridad, en virtud de la pandemia Covid-19.<\/p>\n<p>f)\u00a0\u00a0\u00a0\u00a0\u00a0\u00a0 Conocer y hacer seguimiento al estado de salud de los empleados, aprendices, contratistas y dem\u00e1s personal vinculado a STLTH, e identificar posibles brotes de Covid-19.<\/td>\n<\/tr>\n<\/tbody>\n<\/table>\n<p>&nbsp;<\/p>\n<table style=\"height: 562px;\" width=\"1135\">\n<tbody>\n<tr>\n<td width=\"89\"><strong>Finalidades comerciales y publicitarias<\/strong><\/td>\n<td width=\"500\">a)\u00a0\u00a0\u00a0\u00a0\u00a0 Desarrollar eventos, programas de tipo institucional directamente o en asocio a terceros.<\/p>\n<p>b)\u00a0\u00a0\u00a0\u00a0 Mantener comunicaci\u00f3n constante con el titular de los datos personales sobre las actividades, programas y eventos desarrollados o pr\u00f3ximos a ser desarrollados por STLTH.<\/p>\n<p>c)\u00a0\u00a0\u00a0\u00a0\u00a0 Realizar campa\u00f1as de publicidad y mercadeo, y ofrecer productos y servicios.<\/p>\n<p>d)\u00a0\u00a0\u00a0\u00a0 Comunicar ofertas, descuentos o promociones de productos o servicios propios o de terceros.<\/p>\n<p>e)\u00a0\u00a0\u00a0\u00a0 Otorgar garant\u00eda sobre los productos y servicios adquiridos, seg\u00fan la ley aplicable.<\/p>\n<p>f)\u00a0\u00a0\u00a0\u00a0\u00a0\u00a0 Gestionar tr\u00e1mites, solicitudes, quejas o reclamos relacionados con los productos o servicios ofrecidos por STLTH.<\/p>\n<p>g)\u00a0\u00a0\u00a0\u00a0\u00a0 Contactar al titular de los datos por diferentes medios para realizar encuestas de satisfacci\u00f3n respecto de los productos y servicios ofrecidos por STLTH.<\/p>\n<p>h)\u00a0\u00a0\u00a0\u00a0 Realizar estudios de mercado, acciones de inteligencia de negocios, investigaciones de tendencias de mercado y anal\u00edtica de datos que permitan establecer preferencias de consumo, utilizando los datos personales para generar informaci\u00f3n consolidada sobre h\u00e1bitos, tendencias, consumos y comportamientos de los titulares, la cual no estar\u00e1 asociada a datos personales en forma individualizada.<\/p>\n<p>i)\u00a0\u00a0\u00a0\u00a0\u00a0\u00a0 Desarrollar e implementar programas de fidelizaci\u00f3n y\/o mejora de los productos y servicios para los clientes.<\/p>\n<p>j)\u00a0\u00a0\u00a0\u00a0\u00a0\u00a0 Realizar actividades de geolocalizaci\u00f3n.<\/p>\n<p>k)\u00a0\u00a0\u00a0\u00a0\u00a0 Atender las solicitudes relacionadas con ventas, estado de orden de compra y servicio al cliente.<\/td>\n<\/tr>\n<\/tbody>\n<\/table>\n<p>&nbsp;<\/p>\n<h3><strong>TRATAMIENTO DE DATOS PERSONALES<\/strong><\/h3>\n<p><strong>(a) L\u00edmite temporal del tratamiento de datos personales<\/strong><\/p>\n<p><strong>\u00a0<\/strong>STLTH dar\u00e1 tratamiento a los datos personales por el t\u00e9rmino que sea razonable y necesario, el cual no ser\u00e1 inferior al t\u00e9rmino de duraci\u00f3n de STLTH o de la relaci\u00f3n contractual, legal o comercial que se tenga con el titular de los datos personales. Una vez cese la finalidad o la necesidad del tratamiento de los datos personales, los mismos ser\u00e1n eliminados de las bases de datos de STLTH o ser\u00e1n archivados bajo medidas de seguridad adecuadas, a efectos de s\u00f3lo ser divulgados cuando la ley as\u00ed lo exija.<\/p>\n<p><strong>\u00a0<\/strong><strong>(b) Tipo de datos personales que son tratados por STLTH<\/strong><\/p>\n<p><strong>\u00a0<\/strong>En desarrollo de las finalidades antes descritas, STLTH, recolecta y da tratamiento a datos personales de identificaci\u00f3n de los titulares, datos de contacto, datos de ubicaci\u00f3n, fecha de nacimiento, datos relacionados con su g\u00e9nero, estado civil, relacionados con su estado de salud, imagen, datos de direcci\u00f3n, actividad econ\u00f3mica, nivel educativo, cookies, entre otros.<\/p>\n<p>En el evento en que STLTH recolecte y d\u00e9 tratamiento a datos personales de ni\u00f1os, ni\u00f1as y adolescentes, se respetar\u00e1 el inter\u00e9s superior de estos y sus derechos fundamentales. STLTH solicitar\u00e1 la respectiva autorizaci\u00f3n para el tratamiento de los datos personales al representante del ni\u00f1o, ni\u00f1a o adolescente, garantizando en todo caso el derecho del menor a ser escuchado.<\/p>\n<p>En el tratamiento de datos sensibles, STLTH dar\u00e1 especial cumplimiento a los principios establecidos en la Ley 1581 de 2012 y a los derechos fundamentales asociados a este tipo de informaci\u00f3n. Ninguna actividad de STLTH estar\u00e1 condicionada a la entrega de datos sensibles por parte del titular, salvo que as\u00ed lo requiera la ley vigente.<\/p>\n<p><strong>(c) STLTH actuando como encargado del tratamiento de Datos Personales<\/strong><\/p>\n<p><strong>\u00a0<\/strong>STLTH podr\u00e1 recibir en calidad de encargado del tratamiento, los datos personales de los titulares proporcionados por terceros con los que tenga un v\u00ednculo contractual, sujet\u00e1ndose en estos eventos al cumplimiento de los deberes establecidos en el art\u00edculo 18 de la Ley 1581 de 2012.<\/p>\n<p><strong>(d) Transmisi\u00f3n y transferencia de datos personales a terceros<\/strong><\/p>\n<p><strong>\u00a0<\/strong>STLTH podr\u00e1 transmitir o transferir los datos personales recolectados a terceros ubicados en Colombia o en el exterior, incluyendo las matrices, filiales y subsidiarias de STLTH, para el ejercicio de cualquiera de las finalidades antes descritas. En todo caso, STLTH adoptar\u00e1 las medidas legales y tecnol\u00f3gicas para garantizar la seguridad y confidencialidad de los datos personales, y exigir\u00e1 a los encargados del tratamiento el cumplimiento de los deberes establecidos en el art\u00edculo 18 de la Ley 1581 de 2012.<\/p>\n<p><strong>(e) Uso de cookies<\/strong><\/p>\n<p><strong>\u00a0<\/strong>Una cookie es un peque\u00f1o archivo de datos que se coloca en los ordenadores u otros dispositivos, que permite a una plataforma o sitio web reconocer a los titulares como usuarios del mismo cuando vuelva a visitar la plataforma o sitio web utilizando el mismo ordenador o navegador. Las cookies son una tecnolog\u00eda muy com\u00fan para recordar cierta informaci\u00f3n sobre el usuario de un sitio web. STLTH podr\u00e1 hacer uso de cookies para mejorar su plataforma o sitio web y la experiencia de navegaci\u00f3n; y para adaptar la publicidad y el contenido que el titular visualiza. El titular podr\u00e1 modificar sus preferencias sobre el uso de cookies, pero algunas restricciones de cookies implican dejar de aprovechar al m\u00e1ximo las ventajas disponibles en las plataformas o sitios web.<\/p>\n<p>&nbsp;<\/p>\n<h3><strong>DERECHOS DEL TITULAR DE LOS DATOS PERSONALES<\/strong><\/h3>\n<p>De conformidad con el art\u00edculo 8 de la Ley 1581 de 2012, el titular de los datos personales tendr\u00e1 los siguientes derechos:<\/p>\n<p>&nbsp;<\/p>\n<ol>\n<li>Acceder en forma gratuita a sus datos personales que sean objeto de tratamiento;<\/li>\n<li>Solicitar prueba de la autorizaci\u00f3n otorgada a STLTH, salvo cuando expresamente se except\u00fae como requisito para el tratamiento, de conformidad con lo previsto en el art\u00edculo 10 de la ley 1581 de 2012;<\/li>\n<li>Conocer, previa solicitud dirigida a STLTH o al encargado del tratamiento, acerca del uso que se ha dado a sus datos personales;<\/li>\n<li>Actualizar y rectificar sus datos personales frente a STLTH o encargados del tratamiento, cuando los datos sean parciales, inexactos, incompletos, fraccionados, que induzcan a error;<\/li>\n<li>Revocar la autorizaci\u00f3n y\/o solicitar la supresi\u00f3n de los datos personales, siempre que no exista un deber legal o contractual que impida eliminarlos;<\/li>\n<li>Presentar ante la Superintendencia de Industria y Comercio quejas por infracciones a lo dispuesto en la Ley 1581 de 2012 y las dem\u00e1s normas que la modifiquen, adicionen o complementen;<\/li>\n<li>Abstenerse de dar respuesta a preguntas sobre datos sensibles, o sobre datos de los ni\u00f1os, ni\u00f1as y adolescentes.<\/li>\n<\/ol>\n<p><strong>\u00a0<\/strong><\/p>\n<h3><strong>PROCEDIMIENTOS PARA PRESENTAR CONSULTAS Y RECLAMOS Y \u00c1REA ENCARGADA DE ATENDERLOS<\/strong><\/h3>\n<p>Los procedimientos establecidos por STLTH para garantizar los derechos de los titulares, podr\u00e1n ser ejercidos: (i) directamente por el titular de los datos personales o por su representante de tratarse de menores de edad, (ii) por los causahabientes del titular, suministrando para el efecto la documentaci\u00f3n le que acredite dicha calidad, o (iii) por el representante o apoderado del titular, suministrando la documentaci\u00f3n que lo acredite como tal.<\/p>\n<p>Dichos procedimientos podr\u00e1n ser iniciados a trav\u00e9s de los siguientes medios:<\/p>\n<p>&nbsp;<\/p>\n<table width=\"589\">\n<tbody>\n<tr>\n<td width=\"217\">Correo electr\u00f3nico:<\/td>\n<td width=\"371\">colombia@stlthvape.com<\/td>\n<\/tr>\n<tr>\n<td width=\"217\">A la atenci\u00f3n de:<\/td>\n<td width=\"371\">\u00c1rea administrativa<\/td>\n<\/tr>\n<\/tbody>\n<\/table>\n<p>&nbsp;<\/p>\n<p>Los titulares deben incluir en la consulta o reclamo que presenten a STLTH: (i) nombre y apellidos del titular, (ii) fotocopia del documento de identidad del titular, o del representante junto con los documentos que acrediten tal representaci\u00f3n, (iii) los hechos que dan lugar a la consulta o reclamo, (iv) la petici\u00f3n concreta, (ii) la direcci\u00f3n para recepci\u00f3n de notificaciones, nombre completo e informaci\u00f3n de contacto, y (iv) los documentos que quieran hacer valer, incluyendo una copia del documento de identidad del titular y los documentos para su acreditaci\u00f3n.<\/p>\n<p>El \u00c1rea de operaciones de STLTH ser\u00e1 la encargada de recibir las consultas o reclamos de los titulares de los datos personales. Esta \u00e1rea realizar\u00e1 el procedimiento interno necesario para garantizar una respuesta clara, eficiente, comprensible y oportuna al titular del dato personal.<\/p>\n<p>&nbsp;<\/p>\n<ul>\n<li>\n<h3><strong>Procedimiento para la atenci\u00f3n de c<em>onsultas<\/em><\/strong><\/h3>\n<\/li>\n<\/ul>\n<p><strong>\u00a0<\/strong>El titular podr\u00e1 presentar c<em>onsultas <\/em>a STLTH para efectos de: (i) conocer el uso dado a sus datos personales, (ii) solicitar prueba de la autorizaci\u00f3n otorgada a STLTH, o para (iii) acceder a los datos personales que se encuentren en los sistemas de STLTH. Las consultas deber\u00e1n ser presentadas indicando en el asunto del mensaje \u201cEjercicio del derecho de acceso o consulta\u201d.<\/p>\n<p>Las consultas presentadas ser\u00e1n resueltas por el Oficial de Privacidad de STLTH dentro de los diez (10) d\u00edas h\u00e1biles siguientes a partir del recibo de la consulta. Si la consulta est\u00e1 incompleta, STLTH requerir\u00e1 al titular para que allegue la informaci\u00f3n o documentaci\u00f3n que falte, dentro de los cinco (5) d\u00edas h\u00e1biles siguientes a la comunicaci\u00f3n de STLTH. Si pasaren dos (2) meses desde la fecha del requerimiento efectuado por STLTH sin que sea atendido por el titular, se entender\u00e1 que este ha desistido de su consulta. El tiempo de respuesta de las consultas podr\u00e1 ser incrementado en cinco (5) d\u00edas h\u00e1biles, cuando la misma no pudiere ser atendida en el t\u00e9rmino inicial, hecho que informar\u00e1 STLTH al titular.<\/p>\n<p>&nbsp;<\/p>\n<ul>\n<li>\n<h3><strong>Procedimiento para la atenci\u00f3n de <em>reclamos<\/em><\/strong><\/h3>\n<\/li>\n<\/ul>\n<p>El titular podr\u00e1 presentar <em>reclamos<\/em> a STLTH para efectos de (i) informar un indebido tratamiento efectuado a sus datos personales, (ii) corregir, actualizar o solicitar la supresi\u00f3n de sus datos personales, o para (iii) revocar la autorizaci\u00f3n para el tratamiento de sus datos personales.<\/p>\n<p>El Oficial de Privacidad de STLTH dar\u00e1 respuesta a los reclamos dentro de los quince (15) d\u00edas h\u00e1biles siguientes al recibo del mismo. Si el reclamo est\u00e1 incompleto, STLTH requerir\u00e1 al titular para que allegue la informaci\u00f3n o documentaci\u00f3n que falte, dentro de los cinco (5) d\u00edas h\u00e1biles siguientes a la comunicaci\u00f3n de STLTH. Si pasaren dos (2) meses desde la fecha del requerimiento efectuado por STLTH sin que haya sido atendido por el titular, se entender\u00e1 que este ha desistido de su reclamo.<\/p>\n<p>El tiempo de respuesta de los reclamos podr\u00e1 ser incrementado en ocho (8) d\u00edas h\u00e1biles, cuando el mismo no pudiere ser atendido en el t\u00e9rmino inicial, hecho que informar\u00e1 STLTH al titular. En el evento en que STLTH no sea competente para resolver el reclamo, dar\u00e1 traslado del mismo a quien sea competente dentro de los dos (2) d\u00edas h\u00e1biles siguientes, e informar\u00e1 este hecho al titular.<\/p>\n<p>Resulta necesario advertir, que la solicitud de supresi\u00f3n de la informaci\u00f3n y la revocatoria de la autorizaci\u00f3n, no proceder\u00e1 cuando titular tenga vigente un deber legal o contractual con STLTH.<\/p>\n<p>&nbsp;<\/p>\n<h3><strong>INFORMACI\u00d3N SOBRE EL RESPONSABLES DEL TRATAMIENTO <\/strong><\/h3>\n<p><strong>\u00a0<\/strong>STLTH se identifica con los siguientes datos:<\/p>\n<p>&nbsp;<\/p>\n<table width=\"586\">\n<tbody>\n<tr>\n<td width=\"141\">Raz\u00f3n social<\/td>\n<td width=\"444\">STLTH International S.A.S.<\/td>\n<\/tr>\n<tr>\n<td width=\"141\">NIT<\/td>\n<td width=\"444\">901.421.858<\/td>\n<\/tr>\n<tr>\n<td width=\"141\">Representante Legal<\/td>\n<td width=\"444\">Abbas Dattu, Delegado M\u00f3nica Mar\u00eda Palacio Mesa<\/td>\n<\/tr>\n<tr>\n<td width=\"141\">Domicilio<\/td>\n<td width=\"444\">Medell\u00edn, Colombia<\/td>\n<\/tr>\n<tr>\n<td width=\"141\">Direcci\u00f3n<\/td>\n<td width=\"444\">Carrera 43 A # 23 \u2013 89 Lc 144<\/td>\n<\/tr>\n<tr>\n<td width=\"141\">Tel\u00e9fono<\/td>\n<td width=\"444\">(+57) (604) 6073083<\/td>\n<\/tr>\n<tr>\n<td width=\"141\">Correo electr\u00f3nico<\/td>\n<td width=\"444\">monica@stlthvape.com<\/td>\n<\/tr>\n<\/tbody>\n<\/table>\n<p><strong>\u00a0<\/strong><\/p>\n<h3><strong>VIGENCIA DE LA POL\u00cdTICA<\/strong><\/h3>\n<p>La presente Pol\u00edtica rige a partir de su publicaci\u00f3n, cuya fecha se indica al final de este documento.<\/p>\n<p>Esta Pol\u00edtica puede ser modificada por STLTH en cualquier tiempo, con la finalidad de adaptarla a novedades legislativas o jurisprudenciales, as\u00ed como a mejores pr\u00e1cticas que se desarrollen sobre la protecci\u00f3n de datos personales, caso en el cual se informar\u00e1 oportunamente a los titulares a trav\u00e9s de los datos de contacto autorizados por \u00e9stos, y a trav\u00e9s del sitio web www.mipaquete.com, donde se pondr\u00e1 a disposici\u00f3n de los titulares la versi\u00f3n modificada de la Pol\u00edtica y la fecha de su entrada en vigencia.<\/p>\n<p>Fecha: 15 de junio de 2022<\/p>\n<p><strong>\u00a0<\/strong>STLTH Internation<\/p>\n","protected":false},"excerpt":{"rendered":"<p>CONTENIDO I. Objetivo II. Autorizaci\u00f3n para el tratamiento de datos personales III. Finalidades del tratamiento de datos personales IV. Tratamiento de los datos personales V. Derechos del titular de datos personales VI. Procedimientos para presentar consultas y reclamos y \u00e1rea encargada de atenderlos VII. Informaci\u00f3n sobre el responsable del tratamiento VIII. Vigencia y modificaci\u00f3n de [&hellip;]<\/p>\n","protected":false},"author":1,"featured_media":0,"parent":0,"menu_order":0,"comment_status":"closed","ping_status":"closed","template":"one-page-template.php","meta":{"footnotes":""},"class_list":["post-11603","page","type-page","status-publish","hentry"],"_links":{"self":[{"href":"https:\/\/stlthvape.ma\/fr\/wp-json\/wp\/v2\/pages\/11603","targetHints":{"allow":["GET"]}}],"collection":[{"href":"https:\/\/stlthvape.ma\/fr\/wp-json\/wp\/v2\/pages"}],"about":[{"href":"https:\/\/stlthvape.ma\/fr\/wp-json\/wp\/v2\/types\/page"}],"author":[{"embeddable":true,"href":"https:\/\/stlthvape.ma\/fr\/wp-json\/wp\/v2\/users\/1"}],"replies":[{"embeddable":true,"href":"https:\/\/stlthvape.ma\/fr\/wp-json\/wp\/v2\/comments?post=11603"}],"version-history":[{"count":0,"href":"https:\/\/stlthvape.ma\/fr\/wp-json\/wp\/v2\/pages\/11603\/revisions"}],"wp:attachment":[{"href":"https:\/\/stlthvape.ma\/fr\/wp-json\/wp\/v2\/media?parent=11603"}],"curies":[{"name":"wp","href":"https:\/\/api.w.org\/{rel}","templated":true}]}}